{"id":15,"date":"2018-11-07T13:43:19","date_gmt":"2018-11-07T13:43:19","guid":{"rendered":"http:\/\/madrigalisten.de\/?page_id=15"},"modified":"2025-11-20T10:27:26","modified_gmt":"2025-11-20T10:27:26","slug":"dirigent","status":"publish","type":"page","link":"https:\/\/madrigalisten.de\/?page_id=15","title":{"rendered":"DIRIGENT"},"content":{"rendered":"\n<div class=\"wp-block-columns is-layout-flex wp-container-core-columns-is-layout-9d6595d7 wp-block-columns-is-layout-flex\">\n<div class=\"wp-block-column is-layout-flow wp-block-column-is-layout-flow\" style=\"flex-basis:66.66%\">\n<p><mark style=\"background-color:rgba(0, 0, 0, 0)\" class=\"has-inline-color has-black-color\"><strong>Tobias L\u00f6bner<\/strong><\/mark> wurde 1986 in Zwickau geboren und studierte Chor- und Orchesterleitung in Weimar bei Prof. J\u00fcrgen Puschbeck und Prof. Nicolas Pasquet. Von 2008 bis 2014 war er Stipendiat des vom Deutschen Musikrat initiierten Dirigentenforums.<\/p>\n\n\n\n<p>In diesem Rahmen arbeitete er unter anderem mit dem Philharmonischen Chor Berlin, dem Kammerchor Saarbr\u00fccken, dem NDR Rundfunkchor, dem MDR Rundfunkchor sowie dem RIAS&nbsp; Kammerchor zusammen.<\/p>\n\n\n\n<p>Zahlreiche Meisterkurse bei renommierten Dirigenten wie Stefan Parkman, Howard Arman, Morten Schuldt-Jensen, Wolfgang Sch\u00e4fer, Peter Dijstra, Michael Gl\u00e4ser, Simon Halsey und Hans-Christoph Rademann haben ihm wesentliche Impulse gegeben.<\/p>\n<\/div>\n\n\n\n<div class=\"wp-block-column is-layout-flow wp-block-column-is-layout-flow\" style=\"flex-basis:33.33%\">\n<figure class=\"wp-block-image size-large\"><img loading=\"lazy\" decoding=\"async\" width=\"762\" height=\"1024\" src=\"https:\/\/madrigalisten.de\/wp-content\/uploads\/2023\/11\/Tobias-4-762x1024.jpg\" alt=\"Foto des Dirigenten Tobias L\u00f6bner auf einer Treppe sitzend mit Taktstock in der Hand.\" class=\"wp-image-470\" srcset=\"https:\/\/madrigalisten.de\/wp-content\/uploads\/2023\/11\/Tobias-4-762x1024.jpg 762w, https:\/\/madrigalisten.de\/wp-content\/uploads\/2023\/11\/Tobias-4-223x300.jpg 223w, https:\/\/madrigalisten.de\/wp-content\/uploads\/2023\/11\/Tobias-4-768x1032.jpg 768w, https:\/\/madrigalisten.de\/wp-content\/uploads\/2023\/11\/Tobias-4-1143x1536.jpg 1143w, https:\/\/madrigalisten.de\/wp-content\/uploads\/2023\/11\/Tobias-4-1524x2048.jpg 1524w, https:\/\/madrigalisten.de\/wp-content\/uploads\/2023\/11\/Tobias-4-1140x1532.jpg 1140w, https:\/\/madrigalisten.de\/wp-content\/uploads\/2023\/11\/Tobias-4-scaled.jpg 1905w\" sizes=\"auto, (max-width: 762px) 100vw, 762px\" \/><figcaption class=\"wp-element-caption\">Foto: Marie Pieper<\/figcaption><\/figure>\n<\/div>\n<\/div>\n\n\n\n<p><br>Er war Teilnehmer der 6th Eric Ericson Masterclass mit dem Niederl\u00e4ndischen Rundfunkchor und dem Niederl\u00e4ndischen Kammerchor, des 3. Chordirigier-Forums des Chores des Bayerischen Rundfunks sowie der I. Internationalen Meisterklasse Berlin, in deren Rahmen er erstmalig mit dem Rundfunkchor Berlin zusammenarbeiten konnte.<\/p>\n\n\n\n<p>Als Gastdirigent konzertierte er bereits mit dem RIAS Kammerchor und \u00fcbernahm Einstudierungen beim Niederl\u00e4ndischen Kammerchor, dem WDR Rundfunkchor, dem Rundfunkchor Berlin sowie dem MDR Rundfunkchor.<\/p>\n\n\n\n<p>Seit 2014 ist Tobias L\u00f6bner als Dozent f\u00fcr den Bereich Chorleitung an der Hochschule f\u00fcr Musik und Theater \u201eFelix Mendelssohn Bartholdy\u201c Leipzig t\u00e4tig sowie k\u00fcnstlerischer Leiter des Hochschulchores.<\/p>\n","protected":false},"excerpt":{"rendered":"<p>Tobias L\u00f6bner wurde 1986 in Zwickau geboren und studierte Chor- und Orchesterleitung in Weimar bei Prof. J\u00fcrgen Puschbeck und Prof. Nicolas Pasquet. Von 2008 bis 2014 war er Stipendiat des vom Deutschen Musikrat initiierten Dirigentenforums. In diesem Rahmen arbeitete er unter anderem mit dem Philharmonischen Chor Berlin, dem Kammerchor Saarbr\u00fccken, dem NDR Rundfunkchor, dem MDR Rundfunkchor sowie dem RIAS&nbsp; Kammerchor zusammen. Zahlreiche Meisterkurse bei renommierten Dirigenten wie Stefan Parkman, Howard Arman, Morten Schuldt-Jensen, Wolfgang Sch\u00e4fer, Peter Dijstra, Michael Gl\u00e4ser, Simon Halsey und Hans-Christoph Rademann haben ihm wesentliche Impulse gegeben. Er war Teilnehmer der 6th Eric Ericson Masterclass mit dem Niederl\u00e4ndischen Rundfunkchor und dem Niederl\u00e4ndischen Kammerchor, des 3. Chordirigier-Forums des Chores des Bayerischen Rundfunks sowie der I. Internationalen Meisterklasse Berlin, in deren Rahmen er erstmalig mit dem Rundfunkchor Berlin zusammenarbeiten konnte. Als Gastdirigent konzertierte er bereits mit dem RIAS Kammerchor und \u00fcbernahm Einstudierungen beim Niederl\u00e4ndischen Kammerchor, dem WDR Rundfunkchor, dem Rundfunkchor Berlin sowie dem MDR Rundfunkchor. Seit 2014 ist Tobias L\u00f6bner als Dozent f\u00fcr den Bereich Chorleitung an der Hochschule f\u00fcr Musik und Theater \u201eFelix Mendelssohn Bartholdy\u201c Leipzig t\u00e4tig sowie k\u00fcnstlerischer Leiter des Hochschulchores.<\/p>\n","protected":false},"author":1,"featured_media":0,"parent":0,"menu_order":2,"comment_status":"closed","ping_status":"closed","template":"","meta":{"footnotes":""},"class_list":["post-15","page","type-page","status-publish","hentry"],"_links":{"self":[{"href":"https:\/\/madrigalisten.de\/index.php?rest_route=\/wp\/v2\/pages\/15","targetHints":{"allow":["GET"]}}],"collection":[{"href":"https:\/\/madrigalisten.de\/index.php?rest_route=\/wp\/v2\/pages"}],"about":[{"href":"https:\/\/madrigalisten.de\/index.php?rest_route=\/wp\/v2\/types\/page"}],"author":[{"embeddable":true,"href":"https:\/\/madrigalisten.de\/index.php?rest_route=\/wp\/v2\/users\/1"}],"replies":[{"embeddable":true,"href":"https:\/\/madrigalisten.de\/index.php?rest_route=%2Fwp%2Fv2%2Fcomments&post=15"}],"version-history":[{"count":10,"href":"https:\/\/madrigalisten.de\/index.php?rest_route=\/wp\/v2\/pages\/15\/revisions"}],"predecessor-version":[{"id":794,"href":"https:\/\/madrigalisten.de\/index.php?rest_route=\/wp\/v2\/pages\/15\/revisions\/794"}],"wp:attachment":[{"href":"https:\/\/madrigalisten.de\/index.php?rest_route=%2Fwp%2Fv2%2Fmedia&parent=15"}],"curies":[{"name":"wp","href":"https:\/\/api.w.org\/{rel}","templated":true}]}}