{"id":24,"date":"2018-11-07T13:55:16","date_gmt":"2018-11-07T13:55:16","guid":{"rendered":"http:\/\/madrigalisten.de\/?page_id=24"},"modified":"2024-12-20T09:30:46","modified_gmt":"2024-12-20T09:30:46","slug":"termine","status":"publish","type":"page","link":"https:\/\/madrigalisten.de\/?page_id=24","title":{"rendered":"KLANGPATENSCHAFT"},"content":{"rendered":"\n<p class=\"has-text-align-left\">Die Hallenser Madrigalisten laden Sie ein, als Klangpate oder Klangpatin Teil unserer musikalischen Reise zu werden. Als f\u00f6rderndes Mitglied unterst\u00fctzen Sie aktiv unsere Chorarbeit und tragen dazu bei, dass wir weiterhin bewegende Konzertmomente schaffen k\u00f6nnen \u2013 von der Probenarbeit \u00fcber CD-Aufnahmen bis hin zu einzigartigen Konzertveranstaltungen. Ihr Beitrag erm\u00f6glicht es uns, Noten zu kaufen, Probenwochenenden durchzuf\u00fchren und neue musikalische Projekte zu verwirklichen.<\/p>\n\n\n\n<p><strong>Ihre Vorteile als Klangpate<\/strong><br>Allen Klangpaten mit einem j\u00e4hrlichen Beitrag von mindestens <strong>30\u20ac<\/strong> wird regelm\u00e4\u00dfig ein E-Mail-Newsletter mit exklusiven Informationen aus erster Hand und vollst\u00e4ndigen Konzertprogrammen der kommenden Konzerte zugesandt.&nbsp;<\/p>\n\n\n\n<p>Zudem erhalten Mitglieder ab einem j\u00e4hrlichen Beitrag<\/p>\n\n\n\n<ul class=\"wp-block-list\">\n<li>von <strong>60\u20ac<\/strong>: auf Wunsch reservierte Sitzpl\u00e4tze bei ausgew\u00e4hlten Konzerten<\/li>\n\n\n\n<li>von <strong>120\u20ac<\/strong>: zus\u00e4tzlich ein j\u00e4hrliches personalisiertes Video-St\u00e4ndchen<\/li>\n\n\n\n<li>von <strong>240\u20ac<\/strong>: zus\u00e4tzlich eine j\u00e4hrliche Einladung zu einem exklusiven Sektempfang mit dem Chor<\/li>\n\n\n\n<li>von <strong>1.200\u20ac<\/strong>: zus\u00e4tzlich ein j\u00e4hrliches Privatkonzert des Chores.<\/li>\n<\/ul>\n\n\n\n<p>Auf Wunsch erscheinen Ihr Name oder das Firmenlogo auf unserer Website.<br>Spenden sind in Deutschland steuerlich absetzbar, und wir stellen Ihnen gerne eine Zuwendungsbest\u00e4tigung aus.<\/p>\n\n\n\n<p><strong>Werden Sie Teil unserer Klanggemeinschaft!<\/strong><br>F\u00fcllen Sie einfach das <a href=\"https:\/\/madrigalisten.de\/wp-content\/uploads\/2024\/12\/Foerdermitgliedschaft-Antrag.pdf\">Formular<\/a> aus und senden Sie es per <a href=\"mailto:klangpatenschaft@madrigalisten.de\">E-Mail<\/a> an uns oder \u00fcbergeben Sie es uns bei Ihrem n\u00e4chsten Konzertbesuch. Wir freuen uns, Sie als Klangpaten begr\u00fc\u00dfen zu d\u00fcrfen und gemeinsam mit Ihnen unsere musikalische Vision weiterzuf\u00fchren.<\/p>\n\n\n\n<p class=\"has-text-align-left\">Alle Dokumente, die Sie im Rahmen Ihrer Klangpatenschaft ben\u00f6tigen finden Sie <a href=\"https:\/\/madrigalisten.de\/?page_id=671\">hier<\/a>.<\/p>\n\n\n\n<p><\/p>\n\n\n\n<p><\/p>\n","protected":false},"excerpt":{"rendered":"<p>Die Hallenser Madrigalisten laden Sie ein, als Klangpate oder Klangpatin Teil unserer musikalischen Reise zu werden. Als f\u00f6rderndes Mitglied unterst\u00fctzen Sie aktiv unsere Chorarbeit und tragen dazu bei, dass wir weiterhin bewegende Konzertmomente schaffen k\u00f6nnen \u2013 von der Probenarbeit \u00fcber CD-Aufnahmen bis hin zu einzigartigen Konzertveranstaltungen. Ihr Beitrag erm\u00f6glicht es uns, Noten zu kaufen, Probenwochenenden durchzuf\u00fchren und neue musikalische Projekte zu verwirklichen. Ihre Vorteile als KlangpateAllen Klangpaten mit einem j\u00e4hrlichen Beitrag von mindestens 30\u20ac wird regelm\u00e4\u00dfig ein E-Mail-Newsletter mit exklusiven Informationen aus erster Hand und vollst\u00e4ndigen Konzertprogrammen der kommenden Konzerte zugesandt.&nbsp; Zudem erhalten Mitglieder ab einem j\u00e4hrlichen Beitrag Auf Wunsch erscheinen Ihr Name oder das Firmenlogo auf unserer Website.Spenden sind in Deutschland steuerlich absetzbar, und wir stellen Ihnen gerne eine Zuwendungsbest\u00e4tigung aus. Werden Sie Teil unserer Klanggemeinschaft!F\u00fcllen Sie einfach das Formular aus und senden Sie es per E-Mail an uns oder \u00fcbergeben Sie es uns bei Ihrem n\u00e4chsten Konzertbesuch. Wir freuen uns, Sie als Klangpaten begr\u00fc\u00dfen zu d\u00fcrfen und gemeinsam mit Ihnen unsere musikalische Vision weiterzuf\u00fchren. Alle Dokumente, die Sie im Rahmen Ihrer Klangpatenschaft ben\u00f6tigen finden Sie hier.<\/p>\n","protected":false},"author":1,"featured_media":0,"parent":0,"menu_order":3,"comment_status":"closed","ping_status":"closed","template":"","meta":{"footnotes":""},"class_list":["post-24","page","type-page","status-publish","hentry"],"_links":{"self":[{"href":"https:\/\/madrigalisten.de\/index.php?rest_route=\/wp\/v2\/pages\/24","targetHints":{"allow":["GET"]}}],"collection":[{"href":"https:\/\/madrigalisten.de\/index.php?rest_route=\/wp\/v2\/pages"}],"about":[{"href":"https:\/\/madrigalisten.de\/index.php?rest_route=\/wp\/v2\/types\/page"}],"author":[{"embeddable":true,"href":"https:\/\/madrigalisten.de\/index.php?rest_route=\/wp\/v2\/users\/1"}],"replies":[{"embeddable":true,"href":"https:\/\/madrigalisten.de\/index.php?rest_route=%2Fwp%2Fv2%2Fcomments&post=24"}],"version-history":[{"count":116,"href":"https:\/\/madrigalisten.de\/index.php?rest_route=\/wp\/v2\/pages\/24\/revisions"}],"predecessor-version":[{"id":712,"href":"https:\/\/madrigalisten.de\/index.php?rest_route=\/wp\/v2\/pages\/24\/revisions\/712"}],"wp:attachment":[{"href":"https:\/\/madrigalisten.de\/index.php?rest_route=%2Fwp%2Fv2%2Fmedia&parent=24"}],"curies":[{"name":"wp","href":"https:\/\/api.w.org\/{rel}","templated":true}]}}