{"id":30,"date":"2018-11-07T13:58:31","date_gmt":"2018-11-07T13:58:31","guid":{"rendered":"http:\/\/madrigalisten.de\/?page_id=30"},"modified":"2024-11-24T10:58:15","modified_gmt":"2024-11-24T10:58:15","slug":"mitglieder","status":"publish","type":"page","link":"https:\/\/madrigalisten.de\/?page_id=30","title":{"rendered":"REPERTOIRE"},"content":{"rendered":"\n<p>Hier findet sich ein \u00dcberblick \u00fcber eine Auswahl von Programmen und Werken, die zum Repertoire unseres Chores geh\u00f6ren. Jedes Programm wurde sorgf\u00e4ltig zusammengestellt und umfasst Kompositionen verschiedener Epochen, Stilrichtungen und Kulturen. Neben klassischen Werken und geistlicher Chormusik pr\u00e4sentieren wir auch weltliche St\u00fccke sowie thematische Konzertprogramme. Zu den aufgef\u00fchrten Werk oder Programm finden Sie eine kurze Beschreibung, die Einblicke in die musikalischen Inhalte und Hintergr\u00fcnde bietet.<\/p>\n\n\n\n<p class=\"has-text-align-center has-text-color has-link-color has-medium-font-size wp-elements-4644ac20c4d9c07754ef87b367e5e49e\" style=\"color:#ca9b52\"><br><span style=\"color: #d99f00;\"><strong>Programme<\/strong><\/span><\/p>\n\n\n\n<p class=\"has-text-align-center has-medium-font-size\"><\/p>\n\n\n\n<p class=\"has-text-align-left\"><strong>Krieg und Frieden<\/strong><br>Chormusik vereint Stimmen, laute, leise, zu gemeinsamer \u00c4u\u00dferung, zum Gebet, zur Klage und Anklage. Im Jahr 2025, indem sich die Befreiung vom Nationalsozialismus in Deutschland zum 80. Mal j\u00e4hrt, bringen die Hallenser Madrigalisten ein Chorprogramm zur Auff\u00fchrung, das Werke aus mehreren Jahrhunderten vereint, deren Komponisten hier Kriegserfahrung und Friedenssehnsucht in Musik gegossen haben. Heinrich Sch\u00fctz und Arvo P\u00e4rt bilden mit \u201eVerleih uns Frieden\u201c und \u201eDa pacem Domine\u201c den Rahmen.<br>Im ersten Teil w\u00fchlen die musikalischen Beschreibungen von Krieg und Zerst\u00f6rung auf, die Thomas Tallis in den \u201eLamentationes Jeremiae\u201c bezogen auf die biblische Zerst\u00f6rung Jerusalems, und Rudolf Mauersberger mit \u201eWie liegt die Stadt so w\u00fcst\u201c im Angesicht des im II. Weltkrieg zerst\u00f6rten Dresden mit Chormusik zum Ausdruck gebracht haben.<br>Im zweiten Teil \u00fcberwiegen die Rufe nach Frieden, Menschlichkeit und Beistand in den Werken von Kurt Hessenberg, Knut Nystedt und Darius Milhaud.<\/p>\n\n\n\n<p class=\"has-text-align-left\"><br><strong>Choral Total<\/strong><br>Das Programm <em>\u201eChoral Total\u201c<\/em> beleuchtet den Choral als zentrales Element der Musikgeschichte und stellt unterschiedliche Herangehensweisen an seine Vertonung vor. Im Mittelpunkt stehen Werke, die den Choral in verschiedenen Formen pr\u00e4sentieren \u2013 von traditionellen S\u00e4tzen \u00fcber kunstvolle Variationen bis hin zu zeitgen\u00f6ssischen Bearbeitungen. Die Auswahl zeigt, wie Komponisten den Choral in ihrer jeweiligen musikalischen Sprache interpretiert und weiterentwickelt haben.<\/p>\n\n\n\n<p class=\"has-text-align-left\">Durch die Gegen\u00fcberstellung verschiedener Stile und Epochen bietet das Programm einen umfassenden Einblick in die Vielfalt und die gestalterischen M\u00f6glichkeiten dieser musikalischen Gattung.<\/p>\n\n\n\n<p class=\"has-text-align-left\"><\/p>\n\n\n\n<p class=\"has-text-align-center has-text-color has-link-color has-medium-font-size wp-elements-dc7cbcb7b387bf6cf06cff66be90e3f6\" style=\"color:#ca9b52\"><br><span style=\"color: #d99f00;\"><strong>Werke<\/strong><\/span><\/p>\n\n\n\n<p><\/p>\n\n\n\n<p class=\"has-text-align-left\"><strong>G.F. H\u00e4ndel &#8211; Messias<\/strong><br>H\u00e4ndels <em>Messias<\/em> ist ein Oratorium, das die biblische Geschichte von Christi Geburt, Tod und Auferstehung erz\u00e4hlt. Mit kraftvollen Ch\u00f6ren und ergreifenden Arien geh\u00f6rt es zu den bedeutendsten Werken der Musikgeschichte.<\/p>\n\n\n\n<p class=\"has-text-align-left\"><strong>J.S. Bach &#8211; Johannespassion<\/strong><br>Die <em>Johannespassion<\/em> (BWV 245) von Johann Sebastian Bach ist ein meisterhaftes Werk, das die Passion Christi nach dem Evangelisten Johannes in intensiver Musik erz\u00e4hlt. Mit dramatischen Erz\u00e4hlungen, bewegenden Arien und Ch\u00f6ren ist es ein herausragendes Beispiel barocker Kirchenmusik.<\/p>\n\n\n\n<p class=\"has-text-align-left\"><strong>J.S. Bach &#8211; Weihnachtsoratorium<\/strong><br>Bachs <em>Weihnachtsoratorium<\/em> (BWV 248) ist ein sechsteiliges Werk, das die Geburt Jesu Christi feierlich darstellt. Es kombiniert Arien, Ch\u00f6re und Rezitative, um die Weihnachtsgeschichte musikalisch lebendig zu machen. Mit seiner festlichen Musik und tiefgehenden Ausdruckskraft ist es eines der bekanntesten und beliebtesten Werke der Kirchenmusik.<\/p>\n\n\n\n<p><\/p>\n\n\n\n<p class=\"has-text-align-center\"><\/p>\n\n\n\n<p class=\"has-text-align-center\">&nbsp;<\/p>\n","protected":false},"excerpt":{"rendered":"<p>Hier findet sich ein \u00dcberblick \u00fcber eine Auswahl von Programmen und Werken, die zum Repertoire unseres Chores geh\u00f6ren. Jedes Programm wurde sorgf\u00e4ltig zusammengestellt und umfasst Kompositionen verschiedener Epochen, Stilrichtungen und Kulturen. Neben klassischen Werken und geistlicher Chormusik pr\u00e4sentieren wir auch weltliche St\u00fccke sowie thematische Konzertprogramme. Zu den aufgef\u00fchrten Werk oder Programm finden Sie eine kurze Beschreibung, die Einblicke in die musikalischen Inhalte und Hintergr\u00fcnde bietet. Programme Krieg und FriedenChormusik vereint Stimmen, laute, leise, zu gemeinsamer \u00c4u\u00dferung, zum Gebet, zur Klage und Anklage. Im Jahr 2025, indem sich die Befreiung vom Nationalsozialismus in Deutschland zum 80. Mal j\u00e4hrt, bringen die Hallenser Madrigalisten ein Chorprogramm zur Auff\u00fchrung, das Werke aus mehreren Jahrhunderten vereint, deren Komponisten hier Kriegserfahrung und Friedenssehnsucht in Musik gegossen haben. Heinrich Sch\u00fctz und Arvo P\u00e4rt bilden mit \u201eVerleih uns Frieden\u201c und \u201eDa pacem Domine\u201c den Rahmen.Im ersten Teil w\u00fchlen die musikalischen Beschreibungen von Krieg und Zerst\u00f6rung auf, die Thomas Tallis in den \u201eLamentationes Jeremiae\u201c bezogen auf die biblische Zerst\u00f6rung Jerusalems, und Rudolf Mauersberger mit \u201eWie liegt die Stadt so w\u00fcst\u201c im Angesicht des im II. Weltkrieg zerst\u00f6rten Dresden mit Chormusik zum Ausdruck gebracht haben.Im zweiten Teil \u00fcberwiegen die Rufe nach Frieden, Menschlichkeit und Beistand in den Werken von Kurt Hessenberg, Knut Nystedt und Darius Milhaud. Choral TotalDas Programm \u201eChoral Total\u201c beleuchtet den Choral als zentrales Element der Musikgeschichte und stellt unterschiedliche Herangehensweisen an seine Vertonung vor. Im Mittelpunkt stehen Werke, die den Choral in verschiedenen Formen pr\u00e4sentieren \u2013 von traditionellen S\u00e4tzen \u00fcber kunstvolle Variationen bis hin zu zeitgen\u00f6ssischen Bearbeitungen. Die Auswahl zeigt, wie Komponisten den Choral in ihrer jeweiligen musikalischen Sprache interpretiert und weiterentwickelt haben. Durch die Gegen\u00fcberstellung verschiedener Stile und Epochen bietet das Programm einen umfassenden Einblick in die Vielfalt und die gestalterischen M\u00f6glichkeiten dieser musikalischen Gattung. Werke G.F. H\u00e4ndel &#8211; MessiasH\u00e4ndels Messias ist ein Oratorium, das die biblische Geschichte von Christi Geburt, Tod und Auferstehung erz\u00e4hlt. Mit kraftvollen Ch\u00f6ren und ergreifenden Arien geh\u00f6rt es zu den bedeutendsten Werken der Musikgeschichte. J.S. Bach &#8211; JohannespassionDie Johannespassion (BWV 245) von Johann Sebastian Bach ist ein meisterhaftes Werk, das die Passion Christi nach dem Evangelisten Johannes in intensiver Musik erz\u00e4hlt. Mit dramatischen Erz\u00e4hlungen, bewegenden Arien und Ch\u00f6ren ist es ein herausragendes Beispiel barocker Kirchenmusik. J.S. Bach &#8211; WeihnachtsoratoriumBachs Weihnachtsoratorium (BWV 248) ist ein sechsteiliges Werk, das die Geburt Jesu Christi feierlich darstellt. Es kombiniert Arien, Ch\u00f6re und Rezitative, um die Weihnachtsgeschichte musikalisch lebendig zu machen. Mit seiner festlichen Musik und tiefgehenden Ausdruckskraft ist es eines der bekanntesten und beliebtesten Werke der Kirchenmusik. &nbsp;<\/p>\n","protected":false},"author":1,"featured_media":0,"parent":0,"menu_order":2,"comment_status":"closed","ping_status":"closed","template":"","meta":{"footnotes":""},"class_list":["post-30","page","type-page","status-publish","hentry"],"_links":{"self":[{"href":"https:\/\/madrigalisten.de\/index.php?rest_route=\/wp\/v2\/pages\/30","targetHints":{"allow":["GET"]}}],"collection":[{"href":"https:\/\/madrigalisten.de\/index.php?rest_route=\/wp\/v2\/pages"}],"about":[{"href":"https:\/\/madrigalisten.de\/index.php?rest_route=\/wp\/v2\/types\/page"}],"author":[{"embeddable":true,"href":"https:\/\/madrigalisten.de\/index.php?rest_route=\/wp\/v2\/users\/1"}],"replies":[{"embeddable":true,"href":"https:\/\/madrigalisten.de\/index.php?rest_route=%2Fwp%2Fv2%2Fcomments&post=30"}],"version-history":[{"count":69,"href":"https:\/\/madrigalisten.de\/index.php?rest_route=\/wp\/v2\/pages\/30\/revisions"}],"predecessor-version":[{"id":686,"href":"https:\/\/madrigalisten.de\/index.php?rest_route=\/wp\/v2\/pages\/30\/revisions\/686"}],"wp:attachment":[{"href":"https:\/\/madrigalisten.de\/index.php?rest_route=%2Fwp%2Fv2%2Fmedia&parent=30"}],"curies":[{"name":"wp","href":"https:\/\/api.w.org\/{rel}","templated":true}]}}