{"id":37,"date":"2018-11-07T14:09:13","date_gmt":"2018-11-07T14:09:13","guid":{"rendered":"http:\/\/madrigalisten.de\/?page_id=37"},"modified":"2025-11-20T11:57:04","modified_gmt":"2025-11-20T11:57:04","slug":"cd-produktionen","status":"publish","type":"page","link":"https:\/\/madrigalisten.de\/?page_id=37","title":{"rendered":"AUDIO"},"content":{"rendered":"\n<p>Auf dieser Seite finden Sie eine Sammlung von Aufnahmen der Hallenser Madrigalisten. Hier k\u00f6nnen Sie ausgew\u00e4hlte Konzertmomente \u00fcber unsere YouTube-Videos genie\u00dfen und sich einen Eindruck von unserer Musik verschaffen. Zudem pr\u00e4sentieren wir unsere CD-Produktionen, die die Vielfalt und Qualit\u00e4t unserer Chorarbeit widerspiegeln.<\/p>\n\n\n\n<p class=\"has-text-align-center has-text-color has-link-color has-medium-font-size wp-elements-a535e30f767cc18ac8004646cc9fa0fe\" style=\"color:#ca9b52\"><strong>YouTube<\/strong><\/p>\n\n\n\n<p>Auf unserem <a href=\"https:\/\/www.youtube.com\/@hallensermadrigalisten\/videos\">YouTube-Kanal<\/a> finden sich Mitschnitte von Konzerten, CD-Aufnahmen und auch von unserem Virtual-Choire Projekt, das wir w\u00e4hrend Corona durchgef\u00fchrt haben.<\/p>\n\n\n<figure class=\"wp-block-embed-youtube wp-block-embed is-type-video is-provider-youtube wp-embed-aspect-16-9 wp-has-aspect-ratio lyte-align aligncenter\"><div class=\"lyte-wrapper fourthree\" style=\"width:420px;max-width:100%;margin:5px;\"><div class=\"lyMe\" id=\"WYL_UmIrDHsWu9M\"><div id=\"lyte_UmIrDHsWu9M\" data-src=\"\/\/i.ytimg.com\/vi\/UmIrDHsWu9M\/hqdefault.jpg\" class=\"pL\"><div class=\"tC\"><div class=\"tT\"><\/div><\/div><div class=\"play\"><\/div><div class=\"ctrl\"><div class=\"Lctrl\"><\/div><div class=\"Rctrl\"><\/div><\/div><\/div><noscript><a href=\"https:\/\/youtu.be\/UmIrDHsWu9M\" rel=\"nofollow\"><img loading=\"lazy\" decoding=\"async\" src=\"https:\/\/i.ytimg.com\/vi\/UmIrDHsWu9M\/0.jpg\" alt=\"YouTube-Video-Vorschaubild\" width=\"420\" height=\"295\" \/><br \/>Dieses Video auf YouTube ansehen<\/a><\/noscript><\/div><\/div><div class=\"lL\" style=\"max-width:100%;width:420px;margin:5px;\"><\/div><figcaption><\/figcaption><\/figure>\n\n\n<p><\/p>\n\n\n\n<p class=\"has-text-align-center has-text-color has-link-color has-medium-font-size wp-elements-93d84d220d7ff87e5a168eb62adac2c4\" style=\"color:#ca9b52\"><br><strong>CD-Produktionen<\/strong><\/p>\n\n\n\n<p><span style=\"color: #000000;\"><strong>Cantare e morire &#8211; Madrigale aus f\u00fcnf Jahrhunderten<\/strong><\/span><br><span style=\"color: #d99f00;\">Madrigale von d\u2019India, Monteverdi, de Rore, Weismann, Klimek u.a.<br><\/span>Die CD mit unserem Jubil\u00e4umsprogramm von 2013 ist direkt bei uns erh\u00e4ltlich! Die Musik rankt sich um das Thema Liebe und das damit oftmals musikalisch zum Ausdruck gebrachte Leid. Im (italienischen) Madrigal der Renaissance erklingt die Liebe in all ihren Facetten zwischen Gewissheit und Zweifel. Wilhelm Weismann war im 20. Jahrhundert einer derjenigen, die das Madrigal als Inspiration f\u00fcr eigene Kompositionen wiederentdeckten. Erstmals erscheint&nbsp;nun&nbsp;sein Madrigalzyklus <em>Jahreszeiten&nbsp;<\/em>auf CD f\u00fcr den H\u00f6rgenuss in den heimischen vier W\u00e4nden. Auch Jens Klimek (geb. 1984) greift diese Tradition in seinem Chorzyklus <em>Madrigalismen<\/em> auf und interpretiert in der Konzentration auf die puren Affekte die unverg\u00e4nglichen Fragen der Liebe neu. Das Werk ist eine Auftragskomposition der Madrigalisten und wurde am 12.10.2013 uraufgef\u00fchrt. &#8211; <a href=\"https:\/\/www.jpc.de\/jpcng\/classic\/detail\/-\/art\/sigismondo-d-india-hallenser-madrigalisten-cantare-e-morire\/hnum\/5500333\">H\u00f6rproben<\/a><\/p>\n\n\n\n<p><strong>BERND&nbsp;FRANKE<br><\/strong><span style=\"color: #d99f00;\">Chor- und Orchester-Werke (2004)<\/span><br>1. Bernd Franke: Versuch zur N\u00e4he (Fragmente f\u00fcr Streichquartett) &#8211; Leipziger Streichquartett<br>2. Significatio &#8211; GESUALDO (cinque madrigali a cinque voci), UA &#8211; Hallenser Madrigalisten (Ltg. Helko Siede)<br>3. Gesualdo di Venosa: Madrigale &#8211; Hallenser Madrigalisten (Ltg. Helko Siede)<br>4. Chagall-Musik f\u00fcr Orchester &#8211; Gewandhausorchester Leipzig (Ltg. Kurt Masur)<\/p>\n\n\n\n<p><strong>Herr, dein Ohren zu mir neige<br><\/strong><span style=\"color: #d99f00;\">Geistliche Chormusik aus Fr\u00fchbarock und Romantik<\/span><br>Werke von Schein, Monteverdi, Sch\u00fctz, Purcell und Mendelssohn-Bartholdy<br>Hallenser Madrigalisten, Leitung: Andreas G\u00f6pfert (1995, MITRA)<\/p>\n\n\n\n<p><strong>La bella Ninfa<br><\/strong><span style=\"color: #d99f00;\">Europ\u00e4ische Madrigale um 1600<\/span><br>Werke von Lechner, Marenzio, Acardelt, Lasso, Wilbye u.a.<br>Hallenser Madrigalisten, Leitung: Andreas G\u00f6pfert (1998, Berlin Classics)<\/p>\n\n\n\n<p><strong>Vivaldi<br><\/strong><span style=\"color: #d99f00;\">Ostro Picta\/ Gloria\/ Magnificat<\/span><br>Werke: Antonio Vivaldi: RV 642, RV 589, RV 611<br>Solisten, Virtuosi Saxoniae, Hallenser Madrigalisten, Leitung: Ludwig G\u00fcttler (1989, Berlin classics)<\/p>\n\n\n\n<p><strong>Alle CDs<\/strong> sind <u><a href=\"mailto:vorstand@madrigalisten.de\" target=\"_blank\" rel=\"noreferrer noopener\">hier per Klick beim Chor bestellbar<\/a><\/u>&nbsp;(10 \u20ac zzgl. Porto).<\/p>\n","protected":false},"excerpt":{"rendered":"<p>Auf dieser Seite finden Sie eine Sammlung von Aufnahmen der Hallenser Madrigalisten. Hier k\u00f6nnen Sie ausgew\u00e4hlte Konzertmomente \u00fcber unsere YouTube-Videos genie\u00dfen und sich einen Eindruck von unserer Musik verschaffen. Zudem pr\u00e4sentieren wir unsere CD-Produktionen, die die Vielfalt und Qualit\u00e4t unserer Chorarbeit widerspiegeln. YouTube Auf unserem YouTube-Kanal finden sich Mitschnitte von Konzerten, CD-Aufnahmen und auch von unserem Virtual-Choire Projekt, das wir w\u00e4hrend Corona durchgef\u00fchrt haben. CD-Produktionen Cantare e morire &#8211; Madrigale aus f\u00fcnf JahrhundertenMadrigale von d\u2019India, Monteverdi, de Rore, Weismann, Klimek u.a.Die CD mit unserem Jubil\u00e4umsprogramm von 2013 ist direkt bei uns erh\u00e4ltlich! Die Musik rankt sich um das Thema Liebe und das damit oftmals musikalisch zum Ausdruck gebrachte Leid. Im (italienischen) Madrigal der Renaissance erklingt die Liebe in all ihren Facetten zwischen Gewissheit und Zweifel. Wilhelm Weismann war im 20. Jahrhundert einer derjenigen, die das Madrigal als Inspiration f\u00fcr eigene Kompositionen wiederentdeckten. Erstmals erscheint&nbsp;nun&nbsp;sein Madrigalzyklus Jahreszeiten&nbsp;auf CD f\u00fcr den H\u00f6rgenuss in den heimischen vier W\u00e4nden. Auch Jens Klimek (geb. 1984) greift diese Tradition in seinem Chorzyklus Madrigalismen auf und interpretiert in der Konzentration auf die puren Affekte die unverg\u00e4nglichen Fragen der Liebe neu. Das Werk ist eine Auftragskomposition der Madrigalisten und wurde am 12.10.2013 uraufgef\u00fchrt. &#8211; H\u00f6rproben BERND&nbsp;FRANKEChor- und Orchester-Werke (2004)1. Bernd Franke: Versuch zur N\u00e4he (Fragmente f\u00fcr Streichquartett) &#8211; Leipziger Streichquartett2. Significatio &#8211; GESUALDO (cinque madrigali a cinque voci), UA &#8211; Hallenser Madrigalisten (Ltg. Helko Siede)3. Gesualdo di Venosa: Madrigale &#8211; Hallenser Madrigalisten (Ltg. Helko Siede)4. Chagall-Musik f\u00fcr Orchester &#8211; Gewandhausorchester Leipzig (Ltg. Kurt Masur) Herr, dein Ohren zu mir neigeGeistliche Chormusik aus Fr\u00fchbarock und RomantikWerke von Schein, Monteverdi, Sch\u00fctz, Purcell und Mendelssohn-BartholdyHallenser Madrigalisten, Leitung: Andreas G\u00f6pfert (1995, MITRA) La bella NinfaEurop\u00e4ische Madrigale um 1600Werke von Lechner, Marenzio, Acardelt, Lasso, Wilbye u.a.Hallenser Madrigalisten, Leitung: Andreas G\u00f6pfert (1998, Berlin Classics) VivaldiOstro Picta\/ Gloria\/ MagnificatWerke: Antonio Vivaldi: RV 642, RV 589, RV 611Solisten, Virtuosi Saxoniae, Hallenser Madrigalisten, Leitung: Ludwig G\u00fcttler (1989, Berlin classics) Alle CDs sind hier per Klick beim Chor bestellbar&nbsp;(10 \u20ac zzgl. Porto).<\/p>\n","protected":false},"author":1,"featured_media":0,"parent":0,"menu_order":0,"comment_status":"closed","ping_status":"closed","template":"","meta":{"footnotes":""},"class_list":["post-37","page","type-page","status-publish","hentry"],"_links":{"self":[{"href":"https:\/\/madrigalisten.de\/index.php?rest_route=\/wp\/v2\/pages\/37","targetHints":{"allow":["GET"]}}],"collection":[{"href":"https:\/\/madrigalisten.de\/index.php?rest_route=\/wp\/v2\/pages"}],"about":[{"href":"https:\/\/madrigalisten.de\/index.php?rest_route=\/wp\/v2\/types\/page"}],"author":[{"embeddable":true,"href":"https:\/\/madrigalisten.de\/index.php?rest_route=\/wp\/v2\/users\/1"}],"replies":[{"embeddable":true,"href":"https:\/\/madrigalisten.de\/index.php?rest_route=%2Fwp%2Fv2%2Fcomments&post=37"}],"version-history":[{"count":20,"href":"https:\/\/madrigalisten.de\/index.php?rest_route=\/wp\/v2\/pages\/37\/revisions"}],"predecessor-version":[{"id":802,"href":"https:\/\/madrigalisten.de\/index.php?rest_route=\/wp\/v2\/pages\/37\/revisions\/802"}],"wp:attachment":[{"href":"https:\/\/madrigalisten.de\/index.php?rest_route=%2Fwp%2Fv2%2Fmedia&parent=37"}],"curies":[{"name":"wp","href":"https:\/\/api.w.org\/{rel}","templated":true}]}}